{"id":13,"date":"2023-03-08T08:07:26","date_gmt":"2023-03-08T08:07:26","guid":{"rendered":"http:\/\/esperancesahel.org\/?page_id=13"},"modified":"2025-10-06T14:58:17","modified_gmt":"2025-10-06T14:58:17","slug":"home","status":"publish","type":"page","link":"https:\/\/www.worldhorizons.org\/es\/","title":{"rendered":"Hogar"},"content":{"rendered":"<p>[et_pb_section fb_built=&#8221;1&#8243; _builder_version=&#8221;4.20.2&#8243; _module_preset=&#8221;default&#8221; background_color=&#8221;#2E5A8E&#8221; custom_padding=&#8221;0px||0px||true|false&#8221; global_colors_info=&#8221;{}&#8221;][et_pb_row column_structure=&#8221;1_2,1_2&#8243; use_custom_gutter=&#8221;on&#8221; gutter_width=&#8221;1&#8243; make_equal=&#8221;on&#8221; _builder_version=&#8221;4.20.2&#8243; _module_preset=&#8221;b4dd792a-4255-4c36-bf2f-50cb4094bd64&#8243; background_color=&#8221;#2E5A8E&#8221; background_enable_image=&#8221;off&#8221; background_enable_video_mp4=&#8221;off&#8221; allow_player_pause=&#8221;on&#8221; custom_padding=&#8221;0px||0px||true|false&#8221; global_colors_info=&#8221;{}&#8221;][et_pb_column type=&#8221;1_2&#8243; _builder_version=&#8221;4.20.2&#8243; _module_preset=&#8221;58b0d6c1-2c6e-495b-a161-f086ce5b60e0&#8243; background_color=&#8221;#2E5A8E&#8221; background_enable_color=&#8221;on&#8221; custom_padding=&#8221;6%|4%|6%|4%|true|true&#8221; global_colors_info=&#8221;{}&#8221;][et_pb_text _builder_version=&#8221;4.20.2&#8243; _module_preset=&#8221;default&#8221; text_text_color=&#8221;#FFFFFF&#8221; header_text_color=&#8221;#FFFFFF&#8221; header_font_size_tablet=&#8221;&#8221; header_font_size_phone=&#8221;24px&#8221; header_font_size_last_edited=&#8221;on|phone&#8221; global_colors_info=&#8221;{}&#8221;]<\/p>\n<h1 data-pm-slice=\"1 1 []\">A missions movement for adventurous people who want to <strong>make Jesus known<\/strong> across the globe<\/h1>\n<p>[\/et_pb_text][et_pb_text _builder_version=&#8221;4.21.0&#8243; _module_preset=&#8221;default&#8221; text_text_color=&#8221;#FFFFFF&#8221; header_text_color=&#8221;#FFFFFF&#8221; header_5_text_color=&#8221;#FFFFFF&#8221; custom_padding=&#8221;14px|||||&#8221; global_colors_info=&#8221;{}&#8221;]<\/p>\n<h5>We provide practical training and build teams in established locations or explore new places together. We show people how to build a support base to live and work sustainably so that they can follow God&#39;s calling.<\/h5>\n<p>[\/et_pb_text][\/et_pb_column][et_pb_column type=&#8221;1_2&#8243; _builder_version=&#8221;4.20.2&#8243; _module_preset=&#8221;default&#8221; background_video_mp4=&#8221;\/wp-content\/uploads\/WorldHorizonsMovement.mp4&#8243; allow_player_pause=&#8221;on&#8221; global_colors_info=&#8221;{}&#8221;][ba_video_popup use_overlay=&#8221;off&#8221; icon=&#8221;2&#8243; video_link=&#8221;https:\/\/www.youtube.com\/watch?v=rD36s86LcWQ&#8221; icon_color=&#8221;rgba(255,255,255,0.58)&#8221; disabled_on=&#8221;on|on|off&#8221; _builder_version=&#8221;4.20.2&#8243; _module_preset=&#8221;default&#8221; custom_padding=&#8221;25vh||||false|false&#8221; animation_style=&#8221;fade&#8221; animation_duration=&#8221;2000ms&#8221; animation_delay=&#8221;5000ms&#8221; animation_starting_opacity=&#8221;2%&#8221; global_colors_info=&#8221;{}&#8221;][\/ba_video_popup][et_pb_video src=&#8221;https:\/\/www.youtube.com\/watch?v=rD36s86LcWQ&#038;t=21s&#8221; image_src=&#8221;\/\/i.ytimg.com\/vi\/rD36s86LcWQ\/hqdefault.jpg&#8221; disabled_on=&#8221;off|off|on&#8221; _builder_version=&#8221;4.20.2&#8243; _module_preset=&#8221;default&#8221; global_colors_info=&#8221;{}&#8221;][\/et_pb_video][\/et_pb_column][\/et_pb_row][\/et_pb_section][et_pb_section fb_built=&#8221;1&#8243; _builder_version=&#8221;4.20.2&#8243; _module_preset=&#8221;default&#8221; background_color=&#8221;#F3BCB5&#8243; custom_margin=&#8221;0px||0px||false|false&#8221; custom_padding=&#8221;0px||0px||false|false&#8221; global_colors_info=&#8221;{}&#8221;][et_pb_row _builder_version=&#8221;4.20.2&#8243; _module_preset=&#8221;b4dd792a-4255-4c36-bf2f-50cb4094bd64&#8243; width=&#8221;94%&#8221; global_colors_info=&#8221;{}&#8221;][et_pb_column type=&#8221;4_4&#8243; _builder_version=&#8221;4.20.2&#8243; _module_preset=&#8221;default&#8221; global_colors_info=&#8221;{}&#8221;][et_pb_text _builder_version=&#8221;4.20.2&#8243; _module_preset=&#8221;f22dd9cb-1fe3-4286-89fa-f90bfdf597be&#8221; background_layout=&#8221;dark&#8221; global_colors_info=&#8221;{}&#8221;]<\/p>\n<p>Our <strong>dream<\/strong> is to see <strong>passionate followers<\/strong> of Jesus from <strong>around the world<\/strong> become disciple-makers in the nations.<\/p>\n<p>[\/et_pb_text][\/et_pb_column][\/et_pb_row][\/et_pb_section][et_pb_section fb_built=&#8221;1&#8243; _builder_version=&#8221;4.20.2&#8243; _module_preset=&#8221;default&#8221; background_color=&#8221;#1A8B8E&#8221; custom_padding=&#8221;0px||0px||true|false&#8221; global_colors_info=&#8221;{}&#8221;][et_pb_row column_structure=&#8221;1_2,1_2&#8243; use_custom_gutter=&#8221;on&#8221; gutter_width=&#8221;1&#8243; _builder_version=&#8221;4.20.2&#8243; _module_preset=&#8221;b4dd792a-4255-4c36-bf2f-50cb4094bd64&#8243; custom_padding=&#8221;0px||0px||true|false&#8221; global_colors_info=&#8221;{}&#8221;][et_pb_column type=&#8221;1_2&#8243; _builder_version=&#8221;4.20.2&#8243; _module_preset=&#8221;default&#8221; background_enable_color=&#8221;off&#8221; background_enable_image=&#8221;off&#8221; custom_padding=&#8221;||||false|false&#8221; global_colors_info=&#8221;{}&#8221;][et_pb_image src=&#8221;https:\/\/www.worldhorizons.org\/wp-content\/uploads\/2023\/03\/artwork-mosque.jpg&#8221; title_text=&#8221;artwork-mosque&#8221; _builder_version=&#8221;4.20.2&#8243; _module_preset=&#8221;default&#8221; global_colors_info=&#8221;{}&#8221;][\/et_pb_image][\/et_pb_column][et_pb_column type=&#8221;1_2&#8243; _builder_version=&#8221;4.20.2&#8243; _module_preset=&#8221;default&#8221; background_color=&#8221;#1A8B8E&#8221; custom_padding=&#8221;15%|6%|15%|6%|true|true&#8221; global_colors_info=&#8221;{}&#8221;][et_pb_text _builder_version=&#8221;4.20.2&#8243; _module_preset=&#8221;default&#8221; text_text_color=&#8221;#FFFFFF&#8221; header_text_color=&#8221;#FFFFFF&#8221; background_layout=&#8221;dark&#8221; header_font_size_tablet=&#8221;&#8221; header_font_size_phone=&#8221;24px&#8221; header_font_size_last_edited=&#8221;on|phone&#8221; global_colors_info=&#8221;{}&#8221;]<\/p>\n<h2 data-pm-slice=\"1 1 []\">Have you ever wanted to serve God but didn\u2019t know <strong>where to start?<\/strong><\/h2>\n<p>[\/et_pb_text][et_pb_text _builder_version=&#8221;4.22.1&#8243; _module_preset=&#8221;default&#8221; text_text_color=&#8221;#FFFFFF&#8221; header_text_color=&#8221;#FFFFFF&#8221; header_5_text_color=&#8221;#FFFFFF&#8221; custom_padding=&#8221;14px|||||&#8221; global_colors_info=&#8221;{}&#8221;]<\/p>\n<h5>We have been in your shoes, made plenty of mistakes and learnt a lot along the way.<br \/>We&#8217;ve helped countless people discern their call and supported them to get on the mission field.<\/h5>\n<p>[\/et_pb_text][et_pb_button button_url=&#8221;\/start-your-journey\/&#8221; button_text=&#8221;Start your journey&#8221; _builder_version=&#8221;4.21.0&#8243; _module_preset=&#8221;5d49a6b9-3c0b-4ff8-a6d5-e18fa035e067&#8243; button_border_radius=&#8221;32px&#8221; button_icon_color=&#8221;#FFFFFF&#8221; global_colors_info=&#8221;{}&#8221;][\/et_pb_button][\/et_pb_column][\/et_pb_row][\/et_pb_section][et_pb_section fb_built=&#8221;1&#8243; module_id=&#8221;where_we_work&#8221; _builder_version=&#8221;4.21.0&#8243; _module_preset=&#8221;default&#8221; background_color=&#8221;#F3BCB5&#8243; custom_padding=&#8221;33px||32px|||&#8221; global_module=&#8221;649&#8243; saved_tabs=&#8221;all&#8221; global_colors_info=&#8221;{}&#8221;][et_pb_row _builder_version=&#8221;4.20.2&#8243; _module_preset=&#8221;default&#8221; global_colors_info=&#8221;{}&#8221;][et_pb_column type=&#8221;4_4&#8243; _builder_version=&#8221;4.20.2&#8243; _module_preset=&#8221;default&#8221; global_colors_info=&#8221;{}&#8221;][et_pb_text _builder_version=&#8221;4.23&#8243; _module_preset=&#8221;default&#8221; text_text_color=&#8221;#1A8B8E&#8221; header_2_text_align=&#8221;center&#8221; header_2_text_color=&#8221;#000000&#8243; header_3_text_color=&#8221;#1A8B8E&#8221; text_orientation=&#8221;center&#8221; custom_margin=&#8221;||-2px|||&#8221; global_colors_info=&#8221;{}&#8221;]<\/p>\n<h2>Where we make <strong>Jesus<\/strong> known<\/h2>\n<p>[\/et_pb_text][ba_image_carousel animation_speed=&#8221;3000ms&#8221; slide_count=&#8221;6&#8243; slide_spacing=&#8221;5px&#8221; use_both_side_spacing=&#8221;off&#8221; slide_to_scroll=&#8221;2&#8243; carousel_spacing_top=&#8221;22px&#8221; carousel_spacing_bottom=&#8221;10px&#8221; nav_color=&#8221;#2E5A8E&#8221; nav_bg=&#8221;#FFFFFF&#8221; _builder_version=&#8221;4.27.4&#8243; _module_preset=&#8221;4d26e48c-8bf1-4a84-856a-a1a8d788e875&#8243; module_alignment=&#8221;center&#8221; custom_margin=&#8221;||0px||false|false&#8221; custom_padding=&#8221;|0px|0px|0px|false|false&#8221; hover_enabled=&#8221;0&#8243; global_colors_info=&#8221;{}&#8221; sticky_enabled=&#8221;0&#8243;][ba_image_carousel_child photo=&#8221;https:\/\/www.worldhorizons.org\/wp-content\/uploads\/2023\/03\/East-Africa-abenezer-shewaga-of_8fg8ko9s-unsplash.jpg&#8221; title=&#8221;West Africa&#8221; _builder_version=&#8221;4.21.0&#8243; _module_preset=&#8221;default&#8221; link_option_url=&#8221;\/where-we-work\/west-africa\/&#8221; global_colors_info=&#8221;{}&#8221;][\/ba_image_carousel_child][ba_image_carousel_child photo=&#8221;https:\/\/www.worldhorizons.org\/wp-content\/uploads\/2023\/03\/North-Africa-hamza-nouasria-jvlopd5jxns-unsplash.jpg&#8221; title=&#8221;North Africa&#8221; _builder_version=&#8221;4.21.0&#8243; _module_preset=&#8221;default&#8221; link_option_url=&#8221;\/where-we-work\/north-africa\/&#8221; global_colors_info=&#8221;{}&#8221;][\/ba_image_carousel_child][ba_image_carousel_child photo=&#8221;https:\/\/www.worldhorizons.org\/wp-content\/uploads\/2023\/03\/East-Africa-andrew-s-mkuun63s2f0-unsplash.jpg&#8221; title=&#8221;Central Africa&#8221; _builder_version=&#8221;4.22.1&#8243; _module_preset=&#8221;default&#8221; link_option_url=&#8221;\/where-we-work\/central-africa\/&#8221; global_colors_info=&#8221;{}&#8221;][\/ba_image_carousel_child][ba_image_carousel_child photo=&#8221;https:\/\/www.worldhorizons.org\/wp-content\/uploads\/2023\/03\/Middle-East-pexels-keira-burton-6084089.jpg&#8221; title=&#8221;Middle East&#8221; _builder_version=&#8221;4.22.1&#8243; _module_preset=&#8221;default&#8221; link_option_url=&#8221;\/about-us\/middle-east\/&#8221; global_colors_info=&#8221;{}&#8221;][\/ba_image_carousel_child][ba_image_carousel_child photo=&#8221;https:\/\/www.worldhorizons.org\/wp-content\/uploads\/2023\/03\/Asia-Minor-pexels-emre-yilmaz-14570210.jpg&#8221; title=&#8221;T\u00fcrkiye&#8221; _builder_version=&#8221;4.27.4&#8243; _dynamic_attributes=&#8221;link_option_url&#8221; _module_preset=&#8221;default&#8221; link_option_url=&#8221;@ET-DC@eyJkeW5hbWljIjp0cnVlLCJjb250ZW50IjoicG9zdF9saW5rX3VybF9wYWdlIiwic2V0dGluZ3MiOnsicG9zdF9pZCI6Ijg0OSJ9fQ==@&#8221; global_colors_info=&#8221;{}&#8221;][\/ba_image_carousel_child][ba_image_carousel_child photo=&#8221;https:\/\/www.worldhorizons.org\/wp-content\/uploads\/2023\/03\/Asia-Minor-sporlab-d1diyunjl2y-unsplash.jpg&#8221; title=&#8221;Eastern Mediterranean&#8221; title_bottom_spacing=&#8221;6px&#8221; _builder_version=&#8221;4.27.4&#8243; _dynamic_attributes=&#8221;link_option_url&#8221; _module_preset=&#8221;default&#8221; title_font_size=&#8221;16px&#8221; link_option_url=&#8221;@ET-DC@eyJkeW5hbWljIjp0cnVlLCJjb250ZW50IjoicG9zdF9saW5rX3VybF9wYWdlIiwic2V0dGluZ3MiOnsicG9zdF9pZCI6IjEzMTIifX0=@&#8221; global_colors_info=&#8221;{}&#8221;][\/ba_image_carousel_child][ba_image_carousel_child photo=&#8221;https:\/\/www.worldhorizons.org\/wp-content\/uploads\/2023\/09\/central-asia-15.jpg&#8221; title=&#8221;Central Asia&#8221; _builder_version=&#8221;4.22.1&#8243; _module_preset=&#8221;default&#8221; link_option_url=&#8221;\/about-us\/central-asia\/&#8221; global_colors_info=&#8221;{}&#8221;][\/ba_image_carousel_child][ba_image_carousel_child photo=&#8221;https:\/\/www.worldhorizons.org\/wp-content\/uploads\/2025\/10\/pexels-abhigoyal23-17093549-web-slider.jpg&#8221; title=&#8221;South Asia&#8221; _builder_version=&#8221;4.27.4&#8243; _module_preset=&#8221;default&#8221; link_option_url=&#8221;\/where-we-work\/south-asia\/&#8221; global_colors_info=&#8221;{}&#8221;][\/ba_image_carousel_child][ba_image_carousel_child photo=&#8221;https:\/\/www.worldhorizons.org\/wp-content\/uploads\/2025\/10\/lau-keith-dcZsxUAAJXs-unsplash-a.jpg&#8221; title=&#8221;East Asia&#8221; _builder_version=&#8221;4.27.4&#8243; _module_preset=&#8221;default&#8221; link_option_url=&#8221;\/where-we-work\/east-asia\/&#8221; hover_enabled=&#8221;0&#8243; global_colors_info=&#8221;{}&#8221; alt=&#8221;Japanese Girl&#8221; title_text=&#8221;lau-keith-dcZsxUAAJXs-unsplash-a&#8221; sticky_enabled=&#8221;0&#8243;][\/ba_image_carousel_child][ba_image_carousel_child photo=&#8221;https:\/\/www.worldhorizons.org\/wp-content\/uploads\/2023\/06\/Southeast-Asia_z-i9uIhSlOWYc-unsplash.jpg&#8221; title=&#8221;South East Asia&#8221; _builder_version=&#8221;4.23&#8243; _module_preset=&#8221;default&#8221; link_option_url=&#8221;\/where-we-work\/south-east-asia\/&#8221; global_colors_info=&#8221;{}&#8221;][\/ba_image_carousel_child][ba_image_carousel_child photo=&#8221;https:\/\/www.worldhorizons.org\/wp-content\/uploads\/2023\/06\/Brazil_jonnas-duarte-3116018.jpg&#8221; title=&#8221;Brazil&#8221; _builder_version=&#8221;4.21.0&#8243; _module_preset=&#8221;default&#8221; link_option_url=&#8221;\/about-us\/brazil\/&#8221; global_colors_info=&#8221;{}&#8221;][\/ba_image_carousel_child][ba_image_carousel_child photo=&#8221;https:\/\/www.worldhorizons.org\/wp-content\/uploads\/2023\/06\/Venezuela_jorge-salvador-SB52eXVC2VA-unsplash.jpg&#8221; title=&#8221;Venezuela&#8221; _builder_version=&#8221;4.21.0&#8243; _module_preset=&#8221;default&#8221; link_option_url=&#8221;\/about-us\/venezuela\/&#8221; global_colors_info=&#8221;{}&#8221;][\/ba_image_carousel_child][ba_image_carousel_child photo=&#8221;https:\/\/www.worldhorizons.org\/wp-content\/uploads\/2023\/06\/Paraguay_dahiana-waszaj-ivEMZ69aGKU-unsplash-1-e1687514861892.jpg&#8221; title=&#8221;Paraguay&#8221; _builder_version=&#8221;4.21.0&#8243; _module_preset=&#8221;default&#8221; link_option_url=&#8221;\/about-us\/paraguay\/&#8221; global_colors_info=&#8221;{}&#8221;][\/ba_image_carousel_child][ba_image_carousel_child photo=&#8221;https:\/\/www.worldhorizons.org\/wp-content\/uploads\/2023\/03\/Europe-lucas-favre-s0dxlexavou-unsplash.jpg&#8221; title=&#8221;United Kingdom&#8221; _builder_version=&#8221;4.21.0&#8243; _module_preset=&#8221;default&#8221; link_option_url=&#8221;\/about-us\/united-kingdom\/&#8221; global_colors_info=&#8221;{}&#8221;][\/ba_image_carousel_child][ba_image_carousel_child photo=&#8221;https:\/\/www.worldhorizons.org\/wp-content\/uploads\/2023\/03\/Europe-logan-weaver-lgnwvr-p0b7ueozz8e-unsplash.jpg&#8221; title=&#8221;France&#8221; _builder_version=&#8221;4.21.0&#8243; _module_preset=&#8221;default&#8221; link_option_url=&#8221;\/about-us\/france\/&#8221; global_colors_info=&#8221;{}&#8221;][\/ba_image_carousel_child][ba_image_carousel_child photo=&#8221;https:\/\/www.worldhorizons.org\/wp-content\/uploads\/2023\/03\/Europe-mitchell-luo-y_dddq8vzhe-unsplash.jpg&#8221; title=&#8221;Spain&#8221; _builder_version=&#8221;4.21.0&#8243; _module_preset=&#8221;default&#8221; link_option_url=&#8221;\/about-us\/spain\/&#8221; global_colors_info=&#8221;{}&#8221;][\/ba_image_carousel_child][\/ba_image_carousel][\/et_pb_column][\/et_pb_row][\/et_pb_section][et_pb_section fb_built=&#8221;1&#8243; _builder_version=&#8221;4.20.2&#8243; _module_preset=&#8221;default&#8221; background_color=&#8221;#2E5A8E&#8221; custom_padding=&#8221;0px||0px||true|false&#8221; global_colors_info=&#8221;{}&#8221;][et_pb_row column_structure=&#8221;1_2,1_2&#8243; use_custom_gutter=&#8221;on&#8221; gutter_width=&#8221;1&#8243; _builder_version=&#8221;4.20.2&#8243; _module_preset=&#8221;b4dd792a-4255-4c36-bf2f-50cb4094bd64&#8243; custom_padding=&#8221;0px||0px||true|false&#8221; global_colors_info=&#8221;{}&#8221;][et_pb_column type=&#8221;1_2&#8243; _builder_version=&#8221;4.20.2&#8243; _module_preset=&#8221;default&#8221; background_enable_color=&#8221;off&#8221; background_enable_image=&#8221;off&#8221; custom_padding=&#8221;||||false|false&#8221; global_colors_info=&#8221;{}&#8221;][et_pb_image src=&#8221;https:\/\/www.worldhorizons.org\/wp-content\/uploads\/2023\/03\/artwork-women-coffee.jpg&#8221; title_text=&#8221;artwork-women-coffee&#8221; _builder_version=&#8221;4.20.2&#8243; _module_preset=&#8221;default&#8221; global_colors_info=&#8221;{}&#8221;][\/et_pb_image][\/et_pb_column][et_pb_column type=&#8221;1_2&#8243; _builder_version=&#8221;4.20.2&#8243; _module_preset=&#8221;58b0d6c1-2c6e-495b-a161-f086ce5b60e0&#8243; global_colors_info=&#8221;{}&#8221;][et_pb_text _builder_version=&#8221;4.22.1&#8243; _module_preset=&#8221;default&#8221; text_text_color=&#8221;#FFFFFF&#8221; header_text_color=&#8221;#FFFFFF&#8221; header_5_text_color=&#8221;#FFFFFF&#8221; header_font_size_tablet=&#8221;&#8221; header_font_size_phone=&#8221;24px&#8221; header_font_size_last_edited=&#8221;on|phone&#8221; global_colors_info=&#8221;{}&#8221;]<\/p>\n<h1>We can help you make the next step<\/h1>\n<h5>With decades of invaluable experience, a global network of contacts and teams on every continent, we would love to help you learn to approach missions in a sustainable and practical way.<\/h5>\n<p>&nbsp;<\/p>\n<p>&nbsp;<\/p>\n<p>[\/et_pb_text][et_pb_button button_url=&#8221;\/start-your-journey\/book-a-call\/&#8221; button_text=&#8221;Schedule a free call&#8221; _builder_version=&#8221;4.21.0&#8243; _module_preset=&#8221;5d49a6b9-3c0b-4ff8-a6d5-e18fa035e067&#8243; button_border_radius=&#8221;32px&#8221; button_icon_color=&#8221;#FFFFFF&#8221; global_colors_info=&#8221;{}&#8221;][\/et_pb_button][\/et_pb_column][\/et_pb_row][\/et_pb_section][et_pb_section fb_built=&#8221;1&#8243; _builder_version=&#8221;4.20.2&#8243; _module_preset=&#8221;default&#8221; background_color=&#8221;#DB742F&#8221; custom_padding=&#8221;0px||0px||true|false&#8221; global_colors_info=&#8221;{}&#8221;][et_pb_row column_structure=&#8221;1_2,1_2&#8243; use_custom_gutter=&#8221;on&#8221; gutter_width=&#8221;1&#8243; _builder_version=&#8221;4.20.2&#8243; _module_preset=&#8221;b4dd792a-4255-4c36-bf2f-50cb4094bd64&#8243; custom_padding=&#8221;0px||0px||true|false&#8221; global_colors_info=&#8221;{}&#8221;][et_pb_column type=&#8221;1_2&#8243; _builder_version=&#8221;4.20.2&#8243; _module_preset=&#8221;58b0d6c1-2c6e-495b-a161-f086ce5b60e0&#8243; global_colors_info=&#8221;{}&#8221;][et_pb_text _builder_version=&#8221;4.22.1&#8243; _module_preset=&#8221;default&#8221; header_text_color=&#8221;#FFFFFF&#8221; background_layout=&#8221;dark&#8221; header_font_size_tablet=&#8221;&#8221; header_font_size_phone=&#8221;24px&#8221; header_font_size_last_edited=&#8221;on|phone&#8221; global_colors_info=&#8221;{}&#8221;]<\/p>\n<h2><strong>We believe life is one big adventure<\/strong><\/h2>\n<h5>and that every person has the potential to pioneer new ways of doing new things and to explore what God has for them.<\/h5>\n<h5>We have customized our training programs to work for different people in different phases of life.<\/h5>\n<p>[\/et_pb_text][et_pb_button button_url=&#8221;\/start-your-journey\/training-programs\/&#8221; button_text=&#8221;See our training options&#8221; _builder_version=&#8221;4.21.0&#8243; _module_preset=&#8221;5d49a6b9-3c0b-4ff8-a6d5-e18fa035e067&#8243; button_border_radius=&#8221;32px&#8221; button_icon_color=&#8221;#FFFFFF&#8221; global_colors_info=&#8221;{}&#8221;][\/et_pb_button][\/et_pb_column][et_pb_column type=&#8221;1_2&#8243; _builder_version=&#8221;4.20.2&#8243; _module_preset=&#8221;e9829107-f97d-4519-a27d-5f66a04f4e0f&#8221; global_colors_info=&#8221;{}&#8221;][et_pb_image src=&#8221;https:\/\/www.worldhorizons.org\/wp-content\/uploads\/2023\/03\/artwork-fire.jpg&#8221; title_text=&#8221;artwork-fire&#8221; _builder_version=&#8221;4.20.2&#8243; _module_preset=&#8221;default&#8221; global_colors_info=&#8221;{}&#8221;][\/et_pb_image][\/et_pb_column][\/et_pb_row][\/et_pb_section][et_pb_section fb_built=&#8221;1&#8243; _builder_version=&#8221;4.21.0&#8243; _module_preset=&#8221;default&#8221; background_color=&#8221;rgba(120,165,193,0.75)&#8221; custom_padding=&#8221;32px||37px|||&#8221; global_module=&#8221;1285&#8243; saved_tabs=&#8221;all&#8221; global_colors_info=&#8221;{}&#8221;][et_pb_row _builder_version=&#8221;4.21.0&#8243; _module_preset=&#8221;default&#8221; custom_margin=&#8221;||0px||false|false&#8221; custom_padding=&#8221;||0px||false|false&#8221; global_colors_info=&#8221;{}&#8221;][et_pb_column type=&#8221;4_4&#8243; _builder_version=&#8221;4.21.0&#8243; _module_preset=&#8221;default&#8221; global_colors_info=&#8221;{}&#8221;][et_pb_text _builder_version=&#8221;4.21.0&#8243; _module_preset=&#8221;default&#8221; header_2_text_align=&#8221;center&#8221; header_2_text_color=&#8221;#1A8B8E&#8221; global_colors_info=&#8221;{}&#8221;]<\/p>\n<h2><strong>Articles<\/strong> from the community<\/h2>\n<p>[\/et_pb_text][\/et_pb_column][\/et_pb_row][et_pb_row _builder_version=&#8221;4.21.0&#8243; _module_preset=&#8221;default&#8221; custom_margin=&#8221;0px|auto||auto|false|false&#8221; custom_padding=&#8221;||||false|false&#8221; global_colors_info=&#8221;{}&#8221;][et_pb_column type=&#8221;4_4&#8243; _builder_version=&#8221;4.20.2&#8243; _module_preset=&#8221;default&#8221; global_colors_info=&#8221;{}&#8221;][et_pb_blog fullwidth=&#8221;off&#8221; posts_number=&#8221;3&#8243; show_pagination=&#8221;off&#8221; _builder_version=&#8221;4.21.0&#8243; _module_preset=&#8221;default&#8221; global_colors_info=&#8221;{}&#8221;][\/et_pb_blog][et_pb_button button_url=&#8221;@ET-DC@eyJkeW5hbWljIjp0cnVlLCJjb250ZW50IjoicG9zdF9saW5rX3VybF9wYWdlIiwic2V0dGluZ3MiOnsicG9zdF9pZCI6IjExNzkifX0=@&#8221; button_text=&#8221;View all articles&#8221; _builder_version=&#8221;4.27.4&#8243; _dynamic_attributes=&#8221;button_url&#8221; _module_preset=&#8221;default&#8221; global_colors_info=&#8221;{}&#8221;][\/et_pb_button][\/et_pb_column][\/et_pb_row][\/et_pb_section]<\/p>\n","protected":false},"excerpt":{"rendered":"<p>Un movimiento misionero para personas aventureras que desean dar a conocer a Jes\u00fas en todo el mundo. Ofrecemos capacitaci\u00f3n pr\u00e1ctica y formamos equipos en lugares establecidos o exploramos nuevos lugares juntos. Ense\u00f1amos a las personas a construir una base de apoyo para vivir y trabajar de forma sostenible, de modo que puedan seguir el llamado de Dios.<div class=\"et_pb_module ba_video_popup ba_video_popup_0\">\n\t\t\t\t\n\t\t\t\t\n\t\t\t\t\n\t\t\t\t\n\t\t\t\t\n\t\t\t\t\n\t\t\t\t<div class=\"et_pb_module_inner\">\n\t\t\t\t\t<div class=\"dtq-module dtq-video-popup\">\n                \n                <div class=\"dtq-video-popup-wrap\">\n\t\t\t\t\t<a\n\t\t\t\t\t\tclass=\"dtq-video-popup-trigger dtq-popup-yt\"\n\t\t\t\t\t\tdata-order=\"0\"\n\t\t\t\t\t\tdata-type=\"yt\"\n\t\t\t\t\t\thref=\"\/es\/&\/#8221;https:\/\/www.youtube.com\/watch?v=rD36s86LcWQ&#8221;\"\n\t\t\t\t\t\t\n\t\t\t\t\t>\n\t\t\t\t\t\t<span class=\"dtq-video-popup-icon\"><\/span>\n\t\t\t\t\t<\/a>\n                <\/div>\n                \n            <\/div>\n\t\t\t\t<\/div>\n\t\t\t<\/div><\/p>","protected":false},"author":1,"featured_media":0,"parent":0,"menu_order":0,"comment_status":"closed","ping_status":"closed","template":"","meta":{"_et_pb_use_builder":"on","_et_pb_old_content":"","_et_gb_content_width":"","footnotes":""},"class_list":["post-13","page","type-page","status-publish","hentry"],"_links":{"self":[{"href":"https:\/\/www.worldhorizons.org\/es\/wp-json\/wp\/v2\/pages\/13","targetHints":{"allow":["GET"]}}],"collection":[{"href":"https:\/\/www.worldhorizons.org\/es\/wp-json\/wp\/v2\/pages"}],"about":[{"href":"https:\/\/www.worldhorizons.org\/es\/wp-json\/wp\/v2\/types\/page"}],"author":[{"embeddable":true,"href":"https:\/\/www.worldhorizons.org\/es\/wp-json\/wp\/v2\/users\/1"}],"replies":[{"embeddable":true,"href":"https:\/\/www.worldhorizons.org\/es\/wp-json\/wp\/v2\/comments?post=13"}],"version-history":[{"count":10,"href":"https:\/\/www.worldhorizons.org\/es\/wp-json\/wp\/v2\/pages\/13\/revisions"}],"predecessor-version":[{"id":2261,"href":"https:\/\/www.worldhorizons.org\/es\/wp-json\/wp\/v2\/pages\/13\/revisions\/2261"}],"wp:attachment":[{"href":"https:\/\/www.worldhorizons.org\/es\/wp-json\/wp\/v2\/media?parent=13"}],"curies":[{"name":"gracias","href":"https:\/\/api.w.org\/{rel}","templated":true}]}}